

{"id":179,"date":"2016-12-21T17:07:53","date_gmt":"2016-12-21T17:07:53","guid":{"rendered":"http:\/\/wp.paromato.de\/?page_id=179"},"modified":"2019-05-14T08:12:47","modified_gmt":"2019-05-14T08:12:47","slug":"ein-traum-wird-wahr","status":"publish","type":"page","link":"https:\/\/www.paromato.de\/","title":{"rendered":"Ein Traum in Friesland"},"content":{"rendered":"<p>Am 19. M\u00e4rz machen wir uns auf den Weg nach Norden um uns ein Boot in Friesland anzusehen. Das Navi zeigt uns den unkomplizierten Weg. Die ausgewiesenen 300km sind ein echtes Gegenargument, das auch durch die super ausgebauten Stra\u00dfen nicht wirklich entkr\u00e4ftet wird. 600km mal 7 Liter Super ergeben eine Summe, die eine Spontanentscheidung erschweren. Ich habe mich per Mail mit Frans verabredet, dem das Boot zwar nicht geh\u00f6rt, aber \u00fcber ihn und Thomas kam der Kontakt zustande. Von Thomas stammen auch die sp\u00e4rlichen Infos und erste Fotos. Weil er sich f\u00fcr das alte Polizeiboot selbst interessiert hat. War ihm dann doch zu klein, eine Albin am s\u00fcdlichen Ijsselmeer ist es dann geworden. Und das Polizeiboot ist noch zu haben.<\/p>\n\n\n\t\t\t\t<div id=\"map_ol3js_1\" class=\"map undefined\" data-map_name=\"undefined\" data-map=\"map_ol3js_1\" style=\"width:100%; max-width:100%; height:150px; display:block; overflow:hidden;border:thin solid green;\" >\n\t\t\t\t  <div id=\"map_ol3js_1_popup\" class=\"ol-popup\" >\n\t\t\t\t\t<a href=\"#\" id=\"map_ol3js_1_popup-closer\" class=\"ol-popup-closer\"><\/a>\n\t\t\t\t\t<div id=\"map_ol3js_1_popup-content\" ><\/div>\n\t\t\t\t  <\/div>\n\t\t\t\t<\/div>\n\t\t\t\n\n\t\t\t\t<script type=\"text\/javascript\">\n\t\t\t\t\ttranslations['openlayer'] = \"open layer\";\n\t\t\t\t\ttranslations['openlayerAtStartup'] = \"open layer at startup\";\n\t\t\t\t\ttranslations['generateLink'] = \"Der Link zur Karte mit ausgew\u00e4hlten Overlays und angezeigtem Ausschnitt\";\n\t\t\t\t\ttranslations['shortDescription'] = \"Kurzbeschreibung\";\n\t\t\t\t\ttranslations['generatedShortCode'] = \"to get a text control link paste this code in your wordpress editor\";\n\t\t\t\t\ttranslations['closeLayer'] = \"close layer\";\n\t\t\t\t\ttranslations['cantGenerateLink'] = \"put this string in the existing map short code to control this map\";\n\t\t\t  <\/script>\n\n\n\t\t\t  <script type=\"text\/javascript\">\n\t\t\t  vectorM['map_ol3js_1'] = [];\n\t        \n        var raster = getTileLayer(\"osm\",\"NoKey\");\t\t\t\n\n\t\t\t  var map_ol3js_1 = new ol.Map({\n\t\t\t\tinteractions: ol.interaction.defaults.defaults({mouseWheelZoom:false}),\n\t\t\t\tlayers: [raster],\n\t\t\t\ttarget: \"map_ol3js_1\",\n\t\t\t\tview: new ol.View({\n\t\t\t\t  center: ol.proj.transform([5.785,53.305], \"EPSG:4326\", \"EPSG:3857\"),\n\t\t\t\t  zoom: 13\n\t\t\t\t})\n\t\t\t  });\n\t\t\t  osm_addMarkerLayer(map_ol3js_1,5.78828,53.30741,\"https:\/\/www.paromato.de\/wp-content\/plugins\/osm\/icons\/wpttemp-green.png\",0,-24,\"Hier liegt es, ach Kinder....  <\/a><br>\") ; \nosm_addMarkerLayer(map_ol3js_1,5.83817,53.27472,\"https:\/\/www.paromato.de\/wp-content\/plugins\/osm\/icons\/wpttemp-blue.png\",0,-24,\"Das weltbeste Cafe liegt hier in Friesland!   <\/a><br>\") ; \nosm_addMarkerLayer(map_ol3js_1,5.88218,53.29674,\"https:\/\/www.paromato.de\/wp-content\/plugins\/osm\/icons\/wpttemp-blue.png\",0,-24,\"Versorgungshafen mit Campingplatz  <\/a><br>\") ; \naddControls2Map(map_ol3js_1,0,0,3,1,5,6,7,0,1);\nosm_addPopupClickhandler(map_ol3js_1,  \"map_ol3js_1\"); \nosm_addMouseHover(map_ol3js_1); <\/script>\n<h1><strong>Wie kommt man mit Kr\u00fccken auf ein Boot?<\/strong><\/h1>\n<p>Ich laufe noch mit meinen Gehhilfen, Auto fahren geht auch nur, weil mein Automatik-Golf umzubauen ist auf Links-Gas. So kann ich die kaputte rechte H\u00e4lfte schonen. Wobei alleine 3 Stunden sitzen im Auto auch kein Spa\u00df ist.<\/p>\n<p style=\"text-align: left;\"><img loading=\"lazy\" decoding=\"async\" class=\"alignleft wp-image-564 size-medium\" src=\"http:\/\/www.paromato.de\/wp-content\/uploads\/2017\/01\/20160319_1829_32-schmal-1-300x169.jpg\" alt=\"So lag es da im Hallumer Hafen. Nichts stromlinienf\u00f6rmiges, ich h\u00f6rte es quasi knurren. Es wollte raus.\" width=\"300\" height=\"169\" srcset=\"https:\/\/www.paromato.de\/wp-content\/uploads\/2017\/01\/20160319_1829_32-schmal-1-300x169.jpg 300w, https:\/\/www.paromato.de\/wp-content\/uploads\/2017\/01\/20160319_1829_32-schmal-1-768x432.jpg 768w, https:\/\/www.paromato.de\/wp-content\/uploads\/2017\/01\/20160319_1829_32-schmal-1-1024x576.jpg 1024w, https:\/\/www.paromato.de\/wp-content\/uploads\/2017\/01\/20160319_1829_32-schmal-1.jpg 1600w\" sizes=\"auto, (max-width: 300px) 100vw, 300px\" \/><\/p>\n<p style=\"text-align: left;\">Frans ist auch sichtlich nicht besonders begeistert von meiner Idee, das alte Polizeiboot zu erwerben. Er r\u00e4t dem langhaarigen deutschen Kr\u00fcppel ab. Viel zu viel Arbeit, man m\u00fcsse in den Innenausbau investieren, und ob wir nicht vielleicht erst mal so ein Boot leihen wollten und schauen, ob das was ist f\u00fcr uns. Er l\u00e4dt uns erst mal auf sein eigenes Super-Plattboden. EIn wirklich sch\u00f6nes, liebevoll hergerichtetes Schiff. Da kann man leben.<\/p>\n<p style=\"text-align: left;\">Aber klar, wir k\u00f6nnen das Boot ja mal ansehen, der Hafenmeister kommt auch dazu.<\/p>\n<p style=\"text-align: left;\">Also ich bin nicht ins Wasser gefallen, mittlerweile hatte ich ja 6 Wochen Training hinter mir; obwohl \u2013 war schon hart. An Bord gingen die Kr\u00fccken dann gar nicht. Aber da es wirklich eng war, war es auch kein echtes Problem. Das Boot \u2013 sanit\u00e4rtechnisch eine Katastrophe. Eine alte Seetoilette ohne Tank mit Handpumpe. Die K\u00fcche mit einem alten, gef\u00e4hrlich aussehenden Gaskocher, Schr\u00e4nke oder Stauraum Fehlanzeige. Kein K\u00fchlschrank, kein Wassertank, keine Druckwasserpumpe, keine Dusche, keine gangbare Waschgelegenheit. Die Stehh\u00f6he in der Kaj\u00fcte reicht geradeso f\u00fcr Karen, in der K\u00fcche aber auch nicht. Stromversorgung an Bord &#8211; Fehlanzeige. Beleuchtung &#8211; funktioniert wohl \u00fcber Kerzen.<img loading=\"lazy\" decoding=\"async\" class=\"alignnone size-medium wp-image-711 alignright\" src=\"http:\/\/www.paromato.de\/wp-content\/uploads\/2017\/02\/20160401_1357_IMG_1897-300x200.jpg\" alt=\"\" width=\"300\" height=\"200\" srcset=\"https:\/\/www.paromato.de\/wp-content\/uploads\/2017\/02\/20160401_1357_IMG_1897-300x200.jpg 300w, https:\/\/www.paromato.de\/wp-content\/uploads\/2017\/02\/20160401_1357_IMG_1897-768x512.jpg 768w, https:\/\/www.paromato.de\/wp-content\/uploads\/2017\/02\/20160401_1357_IMG_1897-1024x683.jpg 1024w, https:\/\/www.paromato.de\/wp-content\/uploads\/2017\/02\/20160401_1357_IMG_1897.jpg 1600w\" sizes=\"auto, (max-width: 300px) 100vw, 300px\" \/><\/p>\n<p style=\"text-align: left;\">Aber. Das Boot ist schnuckelig und mit seinem eckigen Aufbau hat es einen echt knurrigen Charakter. Innen mit wei\u00df lackiertem Holz ausgekleidet, die Sitzb\u00e4nke gut gepolstert, da kann man richtig gut drauf schlafen, dazwischen ein versenkbarer Tisch. Alt und verwohnt ist das mal nicht. Die mit Paneelen verkleideten R\u00fcckb\u00e4nke k\u00f6nnte man \u00f6ffnen und damit Stauraum schaffen &#8211; f\u00fcr Gep\u00e4ck gibt es in den Sitzb\u00e4nken rechts und links genug Platz. Das ist stabil gebaut und kann so bleiben, wie es ist. Zwischen den Sitzb\u00e4nken wird mit einer Holzplatte eine gro\u00dfz\u00fcgige Schlaffl\u00e4che gebaut, wie in einem Wohnwagen. Eine Badeplattform mit Durchgriff zur Schraube und &#8211; kleiner Gag &#8211; einer Anh\u00e4ngerkupplung f\u00fcr einen Fahrrad-Tr\u00e4ger.<\/p>\n<p style=\"text-align: left;\">Und. Das Boot ist technisch perfekt. Schl\u00fcssel drehen, losfahren. Alles andere hat Zeit, muss man alles nicht morgen erledigt haben. Rumfahren und basteln kann man super kombinieren. Das Ding hat sogar einen modernen Bugstrahl \u2013 mit eigener Batterie! <img loading=\"lazy\" decoding=\"async\" class=\"size-medium wp-image-812 alignleft\" src=\"http:\/\/www.paromato.de\/wp-content\/uploads\/2017\/02\/20160319_1827_32-300x200.jpg\" alt=\"\" width=\"300\" height=\"200\" srcset=\"https:\/\/www.paromato.de\/wp-content\/uploads\/2017\/02\/20160319_1827_32-300x200.jpg 300w, https:\/\/www.paromato.de\/wp-content\/uploads\/2017\/02\/20160319_1827_32-768x512.jpg 768w, https:\/\/www.paromato.de\/wp-content\/uploads\/2017\/02\/20160319_1827_32-1024x683.jpg 1024w, https:\/\/www.paromato.de\/wp-content\/uploads\/2017\/02\/20160319_1827_32.jpg 1600w\" sizes=\"auto, (max-width: 300px) 100vw, 300px\" \/>Und eine moderne, wassergelagerte Antriebswelle! Wir machen eine Probefahrt. Mit Frans und dem Hafenmeister. Einmal bis zum Dokkumer Ee und zur\u00fcck. 6km schnurgrade \u2013 geht. Mal anlegen an einem Landsteg \u2013 Katastrophe. Zur\u00fcck im Hallumer Hafen r\u00fcckw\u00e4rts einparken \u2013 geht \u00fcberhaupt gar nicht. Der Hafenmeister muss retten. Aber die haben ja alle mal irgendwann ge\u00fcbt, oder?<\/p>\n<p style=\"text-align: left;\">Ich bin \u2013 zugegeben als einziger \u2013 begeistert. Wir erbitten uns 14 Tage Bedenkzeit \u2013 ja, kein Problem. Wahrscheinlich erz\u00e4hlt man sich Geschichten in Hallum von dem deutschen spinnerten Kr\u00fcppel. Ich muss sagen, das Geld hatte ich schon mitgebracht, rein pr\u00e4ventiv. Karens \u2013 ich sag mal \u2013 Zur\u00fcckhaltung und die Skepsis von Franz und Wiebke, dem Hafenmeister, haben einen vorbereiteten Spontankauf erst mal verhindert. Mal dr\u00fcber schlafen ist ja nicht verkehrt. Mein Herz aber hatte schon entschieden.<\/p>\n<h1 style=\"text-align: left;\"><strong>Klaus der Werkstattmeister<\/strong><\/h1>\n<p style=\"text-align: left;\">14 Tage sp\u00e4ter fahre ich mit Klaus, dem Werkstattmeister aus Dortmund nach Friesland, das Boot erneut in Augenschein zu nehmen. Seit Urzeiten ist er Skipper an der Maas auf einem wundersch\u00f6nen alten Kahn, seinem Bagger mit dem Namen Old Friend. Sein Urteil z\u00e4hlt. Er hat das selbst angeboten und Karen ist mittlerweile weichgekocht. Ich will das Boot nicht f\u00fcr mich. Daf\u00fcr ist es zu weit weg, es wird unsere Freizeit dominieren, das ist schon klar.<\/p>\n<p style=\"text-align: left;\">Klaus ist begeistert. F\u00fcr den Preis, mit der Technik \u2013 ein Schn\u00e4ppchen. Klar, bei dieser Breite schaukelt es schnell, h\u00f6rt wegen des flachen Bodens aber auch schnell wieder auf. Trockenfallen im Wattenmeer sollte gehen. Das alte Polizeiboot kann nat\u00fcrlich nicht mithalten mit seinem Bagger. Aber die Terasse im Heck ist super, die hat definitiv Seltenheitswert. Der Hafenmeister hat in der Zwischenzeit die K\u00fcche umgekrempelt. Es gibt einen gro\u00dfen Frischwasser-Tank, einen Abwasser-Tank und eine neue Toilette. Fehlt noch die Druckwasser-Pumpe und die Armatur in der K\u00fcche am neuen Sp\u00fclbecken &#8211; da ist er grade bei. Sieht alles sehr ordentlich aus, im Brotberuf war er fr\u00fcher M\u00f6belschreiner. Sieht man. Er war nicht davon ausgegangen, dass ich das Boot kaufe, so hat er schon mal in die Technik investiert \u2013 vielleicht f\u00fcr seine Tochter, vielleicht, um allgemein die Verkaufschancen zu erh\u00f6hen.<\/p>\n<p style=\"text-align: left;\">Klaus meint, wenn ich irgendwann die Nase voll h\u00e4tte von dem Boot, der Schrottpreis w\u00e4re wohl etwa der aktuelle Kaufpreis, wo ist das Risiko? Das Boot ist dicht und trocken, es riecht definitiv nicht muffig &#8211; auch wenn die Innenluft aktuell von frischem Lack bestimmt wird und die Antriebstechnik stimmt. Gut, Schnickschnack fehlt, Beleuchtung gibt es auch nicht, aber es ist alles da, was ein gutes Boot zum fahren braucht. Der Motor wird nochmal inspiziert und f\u00fcr gut befunden &#8211; 26 PS aus einem 3-Zylinder Sole Diesel sind nun definitiv nicht \u00fcbermotorisiert, reichen aber allemal zum entspannten, ruhigen fahren.<\/p>\n<h1 style=\"text-align: left;\"><strong>Gekauft<\/strong><\/h1>\n","protected":false},"excerpt":{"rendered":"<p>Am 19. M\u00e4rz machen wir uns auf den Weg nach Norden um uns ein Boot in Friesland anzusehen. Das Navi zeigt uns den unkomplizierten Weg. Die ausgewiesenen 300km sind ein echtes Gegenargument, das auch durch die super ausgebauten Stra\u00dfen nicht wirklich entkr\u00e4ftet wird. 600km mal 7 Liter Super ergeben eine Summe, die eine Spontanentscheidung erschweren. &hellip; <\/p>\n<p><a class=\"more-link btn\" href=\"https:\/\/www.paromato.de\/\">Weiterlesen<\/a><\/p>\n","protected":false},"author":3,"featured_media":0,"parent":0,"menu_order":0,"comment_status":"open","ping_status":"closed","template":"","meta":{"_mc_calendar":[],"footnotes":""},"class_list":["post-179","page","type-page","status-publish","hentry","nodate","item-wrap"],"_links":{"self":[{"href":"https:\/\/www.paromato.de\/index.php?rest_route=\/wp\/v2\/pages\/179","targetHints":{"allow":["GET"]}}],"collection":[{"href":"https:\/\/www.paromato.de\/index.php?rest_route=\/wp\/v2\/pages"}],"about":[{"href":"https:\/\/www.paromato.de\/index.php?rest_route=\/wp\/v2\/types\/page"}],"author":[{"embeddable":true,"href":"https:\/\/www.paromato.de\/index.php?rest_route=\/wp\/v2\/users\/3"}],"replies":[{"embeddable":true,"href":"https:\/\/www.paromato.de\/index.php?rest_route=%2Fwp%2Fv2%2Fcomments&post=179"}],"version-history":[{"count":50,"href":"https:\/\/www.paromato.de\/index.php?rest_route=\/wp\/v2\/pages\/179\/revisions"}],"predecessor-version":[{"id":1076,"href":"https:\/\/www.paromato.de\/index.php?rest_route=\/wp\/v2\/pages\/179\/revisions\/1076"}],"wp:attachment":[{"href":"https:\/\/www.paromato.de\/index.php?rest_route=%2Fwp%2Fv2%2Fmedia&parent=179"}],"curies":[{"name":"wp","href":"https:\/\/api.w.org\/{rel}","templated":true}]}}